{"id":698,"date":"2026-04-22T16:42:10","date_gmt":"2026-04-22T14:42:10","guid":{"rendered":"https:\/\/slezskatour.cz\/?page_id=698"},"modified":"2026-04-22T16:43:37","modified_gmt":"2026-04-22T14:43:37","slug":"terminy-2026-2","status":"publish","type":"page","link":"https:\/\/slezskatour.cz\/?page_id=698","title":{"rendered":"Terminy 2026"},"content":{"rendered":"\t\t<div data-elementor-type=\"wp-page\" data-elementor-id=\"698\" class=\"elementor elementor-698\" data-elementor-post-type=\"page\">\n\t\t\t\t<div class=\"elementor-element elementor-element-933bd3a e-flex e-con-boxed e-con e-parent\" data-id=\"933bd3a\" data-element_type=\"container\">\n\t\t\t\t\t<div class=\"e-con-inner\">\n\t\t\t\t<div class=\"elementor-element elementor-element-37a4345 elementor-widget elementor-widget-text-editor\" data-id=\"37a4345\" data-element_type=\"widget\" data-widget_type=\"text-editor.default\">\n\t\t\t\t<div class=\"elementor-widget-container\">\n\t\t\t\t\t\t\t\t\t<h3 align=\"left\">Datum a h\u0159i\u0161t\u011b:<\/h3><h3 align=\"left\">13. 04. 2026 Ro\u017enov pod Radho\u0161t\u011bm<\/h3><h3 align=\"left\">29. 04. 2026 Rosa + PL<\/h3><h3 align=\"left\">04. 05. 2026 \u0160ilhe\u0159ovice<\/h3><h3 align=\"left\">18. 05. 2026 Ropice + PL<\/h3><h3 align=\"left\">19. 05. 2026 \u010celadn\u00e1 + PL<\/h3><h3 align=\"left\">20. 05. 2026 Ostravice +PL<\/h3><h3 align=\"left\">25. 05. 2026 Ro\u017enov pod Radho\u0161t\u011bm<\/h3><h3 align=\"left\">15. 06. 2026 Krava\u0159e<\/h3><h3 align=\"left\">13. 07. 2026 \u010celadn\u00e1 &#8211; sou\u010dastn\u011b Mist.Moravy a Slezska<\/h3><h3 align=\"left\">14. 07. 2026 \u010celadn\u00e1 &#8211; sou\u010dastn\u011b Mist.Moravy a Slezska<\/h3><h3 align=\"left\">15. 07. 2026 \u0160ilhe\u0159ovice + PL<\/h3><h3 align=\"left\">17. 08. 2026 Ropice<\/h3><h3 align=\"left\">14. 09. 2026 \u0160ilhe\u0159ovice \u2013 fin\u00e1lov\u00e9 kolo<\/h3>\t\t\t\t\t\t\t\t<\/div>\n\t\t\t\t<\/div>\n\t\t\t\t\t<\/div>\n\t\t\t\t<\/div>\n\t\t\t\t<\/div>\n\t\t","protected":false},"excerpt":{"rendered":"<p>Datum a h\u0159i\u0161t\u011b: 13. 04. 2026 Ro\u017enov pod Radho\u0161t\u011bm 29. 04. 2026 Rosa + PL 04. 05. 2026 \u0160ilhe\u0159ovice 18. 05. 2026 Ropice + PL 19. 05. 2026 \u010celadn\u00e1 + PL 20. 05. 2026 Ostravice +PL 25. 05. 2026 Ro\u017enov pod Radho\u0161t\u011bm 15. 06. 2026 Krava\u0159e 13. 07. 2026 \u010celadn\u00e1 &#8211; sou\u010dastn\u011b Mist.Moravy a Slezska &hellip; <a href=\"https:\/\/slezskatour.cz\/?page_id=698\" class=\"more-link\">Czytaj dalej <span class=\"screen-reader-text\">Terminy 2026<\/span> <span class=\"meta-nav\">&rarr;<\/span><\/a><\/p>\n","protected":false},"author":1,"featured_media":0,"parent":0,"menu_order":0,"comment_status":"closed","ping_status":"closed","template":"","meta":{"footnotes":""},"class_list":["post-698","page","type-page","status-publish","hentry"],"_links":{"self":[{"href":"https:\/\/slezskatour.cz\/index.php?rest_route=\/wp\/v2\/pages\/698","targetHints":{"allow":["GET"]}}],"collection":[{"href":"https:\/\/slezskatour.cz\/index.php?rest_route=\/wp\/v2\/pages"}],"about":[{"href":"https:\/\/slezskatour.cz\/index.php?rest_route=\/wp\/v2\/types\/page"}],"author":[{"embeddable":true,"href":"https:\/\/slezskatour.cz\/index.php?rest_route=\/wp\/v2\/users\/1"}],"replies":[{"embeddable":true,"href":"https:\/\/slezskatour.cz\/index.php?rest_route=%2Fwp%2Fv2%2Fcomments&post=698"}],"version-history":[{"count":5,"href":"https:\/\/slezskatour.cz\/index.php?rest_route=\/wp\/v2\/pages\/698\/revisions"}],"predecessor-version":[{"id":703,"href":"https:\/\/slezskatour.cz\/index.php?rest_route=\/wp\/v2\/pages\/698\/revisions\/703"}],"wp:attachment":[{"href":"https:\/\/slezskatour.cz\/index.php?rest_route=%2Fwp%2Fv2%2Fmedia&parent=698"}],"curies":[{"name":"wp","href":"https:\/\/api.w.org\/{rel}","templated":true}]}}