{"id":203,"date":"2024-03-06T22:17:10","date_gmt":"2024-03-06T21:17:10","guid":{"rendered":"https:\/\/slezskatour.cz\/?page_id=203"},"modified":"2025-09-11T17:30:43","modified_gmt":"2025-09-11T15:30:43","slug":"propozice","status":"publish","type":"page","link":"https:\/\/slezskatour.cz\/?page_id=203","title":{"rendered":"Propozice"},"content":{"rendered":"\t\t<div data-elementor-type=\"wp-page\" data-elementor-id=\"203\" class=\"elementor elementor-203\" data-elementor-post-type=\"page\">\n\t\t\t\t<div class=\"elementor-element elementor-element-43a0fb7d e-flex e-con-boxed e-con e-parent\" data-id=\"43a0fb7d\" data-element_type=\"container\">\n\t\t\t\t\t<div class=\"e-con-inner\">\n\t\t\t\t<div class=\"elementor-element elementor-element-938dd7 elementor-widget elementor-widget-text-editor\" data-id=\"938dd7\" data-element_type=\"widget\" data-widget_type=\"text-editor.default\">\n\t\t\t\t<div class=\"elementor-widget-container\">\n\t\t\t\t\t\t\t\t\t<p>Srde\u010dn\u011b V\u00e1s zveme na seniorskou golfovou sout\u011b\u017e<\/p>\n<p>REGION SENIOR TOUR SLEZSKO 2025 XVII. Ro\u010dn\u00edk<\/p>\n<p>Datum a h\u0159i\u0161t\u011b:<\/p>\n<p>14. 04. 2025 Lipiny<\/p>\n<p>28. 04. 2025 \u0160ilhe\u0159ovice<\/p>\n<p>12. 05. 2025 Ropice + PL<\/p>\n<p>13. 05. 2025 \u010celadn\u00e1 + PL<\/p>\n<p>14. 05. 2025 Ostravice +PL<\/p>\n<p>02. 06. 2025 Ro\u017enov pod Radh.<\/p>\n<p>11. 06. 2025 Karolinka + PL<\/p>\n<p>12. 06. 2025 Rosa + PL<\/p>\n<p>18. 06. 2025 Krava\u0159e<\/p>\n<p>07. 07. 2025 \u010celadn\u00e1 &#8211; sou\u010dastn\u011b Mist.Moravy a Slezska<\/p>\n<p>08. 07. 2025 \u010celadn\u00e1 &#8211; sou\u010dastn\u011b Mist.Moravy a Slezska<\/p>\n<p>18. 08. 2025 Ropice<\/p>\n<p>05. 09. 2025 Olomouc + PL<\/p>\n<p>22. 09. 2025 \u0160ilhe\u0159ovice \u2013 fin\u00e1lov\u00e9 kolo<\/p>\n<p>Druh sout\u011b\u017ee:<\/p>\n<p>OPEN sout\u011b\u017e jednotlivc\u016f, v\u00fdsledky 2denn\u00edho MMaS se<\/p>\n<p>po\u010d\u00edtaj\u00ed jako jedno kolo.<\/p>\n<p>Do celkov\u00e9ho po\u0159ad\u00ed se bude se po\u010d\u00edtat 9 nejlep\u0161\u00edch v\u00fdsledk\u016f z<\/p>\n<p>turnaj\u016f a k tomu se p\u0159ipo\u010dtou body za fin\u00e1lov\u00fd turnaj,<\/p>\n<p>Jednotliv\u00e1 kola se hraj\u00ed ve v\u0161ech kategori\u00edch na 1&#215;18 jamek.<\/p>\n<p>Hodnocen\u00ed jednotlivc\u016f je prov\u00e1d\u011bno bodov\u00fdm syst\u00e9mem z v\u00fdsledk\u016f.<\/p>\n<p>Kategorie:<\/p>\n<p>A senio\u0159i, mastersenio\u0159i 0-54,0 na r\u00e1ny brutto<\/p>\n<p>B seniorky, masterseniorky 0-54,0 na r\u00e1ny brutto<\/p>\n<p>C senio\u0159i, mastersenio\u0159i 0-54,0 stableford<\/p>\n<p>D seniorky, masterseniorky 0-54,0 stableford<\/p>\n<p>E mastersenio\u0159i 0-54,0 na r\u00e1ny brutto<\/p>\n<p>F masterseniorky 0-54,0 na r\u00e1ny brutto<\/p>\n<p>G mastersenio\u0159i 0-54,0 stableford<\/p>\n<p>H masterseniorky 0-54,0 stableford<\/p>\n<p>Podm\u00ednky \u00fa\u010dasti:<\/p>\n<p>OPEN sout\u011b\u017e pro seniory,seniorky.<\/p>\n<p>Seniorsk\u00fd v\u011bk dosa\u017een\u00fd v roce 2025, mu\u017ei i \u017eeny 50 let a v\u00edce.<\/p>\n<p>Kategorie master senior,<\/p>\n<p>seniorka v\u011bk dosa\u017een\u00fd v roce 2025 mu\u017ei i \u017eeny 65 let a v\u00edce.<\/p>\n<p>Uhrazen\u00fd hrac\u00ed poplatek na nedomovsk\u00e9m h\u0159\u00ed\u0161ti a vkladu nejpozd\u011bji 30<\/p>\n<p>min. p\u0159ed osobn\u00edm startovn\u00edm \u010dasem.<\/p>\n<p>P\u0159ihl\u00e1\u0161ky:<\/p>\n<p>www.cgf.cz, nebo e-mail: <a href=\"mailto:seiler.jiri@seznam.cz\">seiler.jiri@seznam.cz<\/a><\/p>\n<p>Nejpozd\u011bji 2dny p\u0159ed sout\u011b\u017e\u00ed do 12.00hod.<\/p>\n<p>Celkov\u00fd po\u010det startuj\u00edc\u00edch stanov\u00ed \u0159editel sout\u011b\u017ee s provozovatelem h\u0159\u00ed\u0161t\u011b.<\/p>\n<p>Vp\u0159\u00edpad\u011b p\u0159ekro\u010den\u00ed po\u010dtu startuj\u00edc\u00edch se pou\u017eije metoda LIFO ( Last In-First Out)<\/p>\n<p>Startovn\u00ed listina bude vyv\u011b\u0161ena na serveru www.\u010dgf.cz nejpozd\u011bji den p\u0159ed zah\u00e1jen\u00edm kola do 14,00 hod.<\/p>\n<p>Hrac\u00ed poplatek:<\/p>\n<p>Bude stanoven v propozic\u00edch jednotliv\u00fdch turnaj\u016f.<\/p>\n<p>Vklad: bude ur\u010den v propozic\u00edch jednotliv\u00fdch turnaj\u016f<\/p>\n<p>Startovn\u00e9 &#8211; platba v hotovosti<\/p>\n<p>Ceny:<\/p>\n<p>Ceny za v\u00edt\u011bzstv\u00ed v jednotliv\u00fdch kolech se zpravidla neud\u011bluj\u00ed.<\/p>\n<p>Na z\u00e1v\u011br cel\u00e9 Slezsk\u00e9 tour bude slavnostn\u00ed vyhl\u00e1\u0161en\u00ed v\u00edt\u011bz\u016f v kategori\u00edch podle rozpisu sout\u011b\u017e\u00ed a ud\u011bleny ceny.<\/p>\n<p>Sout\u011b\u017en\u00ed v\u00fdbor:<\/p>\n<p>Ji\u0159\u00ed Seiler, Marek Gaik, a hl.rozhod\u010d\u00ed turnaje<\/p>\n<p>V\u00fdsledky:<\/p>\n<p>V\u00fdsledky jednotliv\u00fdch kol nebudou samostatn\u011b vyhla\u0161ov\u00e1ny, budou v\u0161ak<\/p>\n<p>uvedeny na serveru \u010cGF a po p\u0159eveden\u00ed na body dle tabulky, uveden\u00e9 v z\u00e1v\u011bru, bude pr\u016fb\u011b\u017en\u00e9 po\u0159ad\u00ed sout\u011b\u017ee uveden\u00e9 na str\u00e1nk\u00e1ch\u00a0 \u00a0 \u00a0 www.slezskatour.cz a \u010cSGA.<\/p>\n<p>Kone\u010dn\u00e9 v\u00fdsledky budou vyhl\u00e1\u0161eny po posledn\u00edm turnaji v \u0160ilhe\u0159ovic\u00edch 22.9.2025<\/p>\n<p>Technick\u00e1 ustanoven\u00ed:<\/p>\n<p>1. Sout\u011b\u017e se hraje podle pravidel golfu, sout\u011b\u017en\u00edho \u0159\u00e1du \u010cGF,m\u00edstn\u00edch pravidel jednotliv\u00fdch<\/p>\n<p>h\u0159i\u0161\u0165 a propozic Region Senior tour Slezsko 2025.<\/p>\n<p>2. Nasazen\u00ed hr\u00e1\u010d\u016f do jednotliv\u00fdch kol bude stanoveno dle aktu\u00e1ln\u00edho HCP a pot\u0159eb \u0159editele<\/p>\n<p>turnaje. Hr\u00e1\u010di a hr\u00e1\u010dky mohou startovat spole\u010dn\u011b.<\/p>\n<p>3. Hraje se na \u00fapravu HCP.<\/p>\n<p>4. Mu\u017ei hraj\u00ed ze \u017elut\u00fdch, \u017eeny z \u010derven\u00fdch odpali\u0161\u0165.<\/p>\n<p>5. Startovn\u00ed listina bude k dispozici den p\u0159ed turnajem od 14 hod. na serveru www.cgf.cz<\/p>\n<p>.6.O um\u00edst\u011bn\u00ed ve h\u0159e na r\u00e1ny brutto vjednotliv\u00e9m kole rozhoduje ni\u017e\u0161\u00ed po\u010det ran. O lep\u0161\u00edm um\u00edst\u011bn\u00ed na dal\u0161\u00edch m\u00edstech rozhoduje v\u00fdsledek na posledn\u00edch 9, 6, 3 a 1 jamce.<\/p>\n<p>7.O um\u00edst\u011bn\u00ed ve h\u0159e stableford rozhoduje celkov\u00fd vy\u0161\u0161\u00ed po\u010det stablefordov\u00fdch bod\u016f podle<\/p>\n<p>vyhodnocen\u00ed turnaje na serveru \u010cGF. P\u0159i shodn\u00e9m celkov\u00e9m po\u010dtu stablefordov\u00fdch bod\u016f<\/p>\n<p>rozhoduje v\u00fdsledek na posledn\u00edch 9, 6, 3, a 1 jamce.<\/p>\n<p>8.Pro pr\u016fb\u011b\u017en\u00e9 a celkov\u00e9 po\u0159ad\u00ed sout\u011b\u017ee se p\u0159evedou v\u00fdsledky jednotliv\u00fdch kol na body \u2013 viz bodov\u00e9 hodnocen\u00ed turnaje.<\/p>\n<p>9.O celkov\u00e9m po\u0159ad\u00ed hr\u00e1\u010d\u016f v jednotliv\u00fdch kategori\u00edch rozhoduje sou\u010det bod\u016f z 9<\/p>\n<p>nejlep\u0161\u00edch v\u00fdsledk\u016f z turnaj\u016f + body z\u00edskan\u00e9 ve fin\u00e1lov\u00e9m kole. T\u00edmto sou\u010dtem bude\u00a0stanoven celkov\u00fd v\u00fdsledek sout\u011b\u017ee.<\/p>\n<p>10.P\u0159i rovnosti bod\u016f v celkov\u00e9m po\u0159ad\u00ed rozhoduje o po\u0159ad\u00ed v\u00fdsledek posledn\u00edho kola, nebo\u00a0dal\u0161\u00edch kol zp\u011btn\u011b spole\u010dn\u011b hran\u00fdch.<\/p>\n<p>11.P\u0159\u00edpadn\u00e9 n\u00e1mitky a protesty \u0159e\u0161\u00ed sout\u011b\u017en\u00ed v\u00fdbor ihned po skon\u010den\u00ed ka\u017ed\u00e9ho kola. Na\u00a0pozd\u011bj\u0161\u00ed protesty nebude br\u00e1n z\u0159etel.<\/p>\n<p>12. P\u0159i turnaj\u00edch Region Senior Tour Slezsko 2025 se povoluje pou\u017eit\u00ed p\u0159\u00edstroj\u016f, kter\u00e9 slou\u017e\u00ed k\u00a0m\u011b\u0159en\u00ed vzd\u00e1lenosti ve smyslu pozn\u00e1mky pravidla 14-3 Pravidel golfu.<\/p>\n<p>13. Pou\u017eit\u00ed voz\u00edku k p\u0159eprav\u011b hr\u00e1\u010de\/hr\u00e1\u010dky po h\u0159i\u0161ti b\u011bhem kola m\u016f\u017ee v p\u0159\u00edpad\u011b pot\u0159eby\u00a0povolit \u0159editel turnaje nebo sout\u011b\u017en\u00ed v\u00fdbor. Hr\u00e1\u010d\u016fm\/hr\u00e1\u010dk\u00e1m v kategorii Master senior se\u00a0povoluje pou\u017eit\u00ed voz\u00edku bez schv\u00e1len\u00ed \u0159editelem turnaje.<\/p>\n<p>Bodov\u00e9 hodnocen\u00ed sout\u011b\u017ee<\/p>\n<p>Bodov\u00e9 hodnocen\u00ed ka\u017ed\u00e9ho kola na r\u00e1ny brutto i stablefordu je stanoveno pevn\u00fdmi body pro\u00a0ka\u017ed\u00e9 jednotliv\u00e9 po\u0159ad\u00ed ve v\u00fdsledkov\u00e9 listin\u011b.<\/p>\n<p>Zp\u016fsob bodov\u00e9ho hodnocen\u00ed jednotliv\u00e9ho kola:<\/p>\n<p>MU\u017dI<\/p>\n<p>1. 200 16. 118 31. 79 46. 49 61. 30<\/p>\n<p>2. 180 17. 115 32. 77 47. 47 62. 29<\/p>\n<p>3. 170 18. 112 33. 75 48. 45 63. 28<\/p>\n<p>4. 162 19. 109 34. 73 49. 43 64. 27<\/p>\n<p>5. 156 20. 106 35. 71 50. 41 65. 26<\/p>\n<p>6. 152 21. 103 36. 69 51. 40 66. 25<\/p>\n<p>7. 148 22. 100 37. 67 52. 39 67. 24<\/p>\n<p>8. 144 23. 97 38. 65 53. 38 68. 23<\/p>\n<p>9. 140 24. 94 39. 63 54. 37 69. 22<\/p>\n<p>10. 136 25. 91 40. 61 55. 36 70. 21<\/p>\n<p>11. 133 26. 89 41. 59 56. 35 dal\u0161\u00ed &#8211; 1<\/p>\n<p>12. 130 27. 87 42. 57 57. 34<\/p>\n<p>13. 127 28. 85 43. 55 58. 33<\/p>\n<p>14. 124 29. 83 44. 53 59. 32<\/p>\n<p>15. 121 30. 81 45. 51 60. 31<\/p>\n<p>\u017dENY<\/p>\n<p>1. 60 11. 19 21. 5<\/p>\n<p>2. 50 12. 17 22. 4<\/p>\n<p>3. 42 13. 15 23. 3<\/p>\n<p>4. 36 14. 13 24. 2<\/p>\n<p>5. 32 15. 11 25. 1<\/p>\n<p>6. 29 16. 10 26. 1<\/p>\n<p>7. 27 17. 9 27. 1<\/p>\n<p>8. 25 18. 8 dal\u0161\u00ed 1<\/p>\n<p>9. 23 19. 7<\/p>\n<p>10. 21 20.<\/p>\n<p>V Ostrav\u011b 1.2.2025<\/p>\n<p>Ji\u0159\u00ed Seiler, \u0159editel sout\u011b\u017ee<\/p>\t\t\t\t\t\t\t\t<\/div>\n\t\t\t\t<\/div>\n\t\t\t\t\t<\/div>\n\t\t\t\t<\/div>\n\t\t\t\t<\/div>\n\t\t","protected":false},"excerpt":{"rendered":"<p>Srde\u010dn\u011b V\u00e1s zveme na seniorskou golfovou sout\u011b\u017e REGION SENIOR TOUR SLEZSKO 2025 XVII. Ro\u010dn\u00edk Datum a h\u0159i\u0161t\u011b: 14. 04. 2025 Lipiny 28. 04. 2025 \u0160ilhe\u0159ovice 12. 05. 2025 Ropice + PL 13. 05. 2025 \u010celadn\u00e1 + PL 14. 05. 2025 Ostravice +PL 02. 06. 2025 Ro\u017enov pod Radh. 11. 06. 2025 Karolinka + PL 12. &hellip; <a href=\"https:\/\/slezskatour.cz\/?page_id=203\" class=\"more-link\">Czytaj dalej <span class=\"screen-reader-text\">Propozice<\/span> <span class=\"meta-nav\">&rarr;<\/span><\/a><\/p>\n","protected":false},"author":1,"featured_media":0,"parent":0,"menu_order":0,"comment_status":"closed","ping_status":"closed","template":"","meta":{"footnotes":""},"class_list":["post-203","page","type-page","status-publish","hentry"],"_links":{"self":[{"href":"https:\/\/slezskatour.cz\/index.php?rest_route=\/wp\/v2\/pages\/203","targetHints":{"allow":["GET"]}}],"collection":[{"href":"https:\/\/slezskatour.cz\/index.php?rest_route=\/wp\/v2\/pages"}],"about":[{"href":"https:\/\/slezskatour.cz\/index.php?rest_route=\/wp\/v2\/types\/page"}],"author":[{"embeddable":true,"href":"https:\/\/slezskatour.cz\/index.php?rest_route=\/wp\/v2\/users\/1"}],"replies":[{"embeddable":true,"href":"https:\/\/slezskatour.cz\/index.php?rest_route=%2Fwp%2Fv2%2Fcomments&post=203"}],"version-history":[{"count":12,"href":"https:\/\/slezskatour.cz\/index.php?rest_route=\/wp\/v2\/pages\/203\/revisions"}],"predecessor-version":[{"id":694,"href":"https:\/\/slezskatour.cz\/index.php?rest_route=\/wp\/v2\/pages\/203\/revisions\/694"}],"wp:attachment":[{"href":"https:\/\/slezskatour.cz\/index.php?rest_route=%2Fwp%2Fv2%2Fmedia&parent=203"}],"curies":[{"name":"wp","href":"https:\/\/api.w.org\/{rel}","templated":true}]}}