{"id":17,"date":"2024-02-24T08:52:23","date_gmt":"2024-02-24T07:52:23","guid":{"rendered":"https:\/\/slezskatour.cz\/?page_id=17"},"modified":"2024-03-06T22:11:07","modified_gmt":"2024-03-06T21:11:07","slug":"home","status":"publish","type":"page","link":"https:\/\/slezskatour.cz\/","title":{"rendered":"Home"},"content":{"rendered":"\t\t<div data-elementor-type=\"wp-page\" data-elementor-id=\"17\" class=\"elementor elementor-17\" data-elementor-post-type=\"page\">\n\t\t\t\t<div class=\"elementor-element elementor-element-078d909 e-con-full e-flex e-con e-parent\" data-id=\"078d909\" data-element_type=\"container\">\n\t\t\t\t<div class=\"elementor-element elementor-element-6bed571 elementor-widget elementor-widget-text-editor\" data-id=\"6bed571\" data-element_type=\"widget\" data-widget_type=\"text-editor.default\">\n\t\t\t\t<div class=\"elementor-widget-container\">\n\t\t\t\t\t\t\t\t\t<p><img decoding=\"async\" class=\"alignnone size-full wp-image-42\" src=\"https:\/\/slezskatour.cz\/wp-content\/uploads\/2024\/02\/sejler.jpg\" alt=\"\" width=\"208\" height=\"131\" \/><img decoding=\"async\" class=\"alignnone size-full wp-image-43\" src=\"https:\/\/slezskatour.cz\/wp-content\/uploads\/2024\/02\/Marek.jpg\" alt=\"\" width=\"157\" height=\"150\" \/><\/p><p>V\u00e1\u017een\u00ed golfist\u00e9, p\u0159\u00e1tel\u00e9,<\/p><p>kalend\u00e1\u0159 se posunul do\u00a0 b\u0159ezna a to znamen\u00e1, \u017ee se velk\u00fdm tempem bl\u00ed\u017e\u00ed zah\u00e1jen\u00ed dal\u0161\u00ed golfov\u00e9 sez\u00f3ny a t\u00edm tak\u00e9 ji\u017e 16. ro\u010dn\u00edk\u00a0 RST Slezsko.<br \/>Prvn\u00ed turnaj, kter\u00fdm zahajujeme, bude jako obvykle v\u00a0Lipin\u00e1ch.<\/p><p>Turnaje jsou\u00a0 sestaveny v sou\u010dinnosti s RST Morava tak, aby hr\u00e1\u010di mohli absolvovat ob\u011b sout\u011b\u017ee a term\u00edny nekolidovalyani s\u00a0 kvalifika\u010dn\u00edmi a mistrovsk\u00fdmi turnaji, kter\u00e9 po\u0159\u00e1d\u00e1 \u010cSGA.Celkem m\u00e1me v leto\u0161n\u00edm roce p\u0159ipraveno 11 turnaj\u016f + fin\u00e1lov\u00fd ,kter\u00fd bude tradi\u010dn\u011b\u00a0v\u00a0\u0160ilhe\u0159ovic\u00edch.<\/p><p>V\u00fdznamn\u00fdm turnajem bude op\u011bt dvoudenn\u00ed Mistrovstv\u00ed Moravy a Slezska, kter\u00e9 se odehraje jako obvykle na obou h\u0159i\u0161t\u00edch v \u010celadn\u00e9. N\u011bkter\u00e9 turnaje se prol\u00ednaj\u00ed s\u00a0Polskou seniorskou t\u016frou.<\/p><p>Vyhodnocov\u00e1n\u00ed jednotliv\u00fdch turnaj\u016f bude prov\u00e1d\u011bno tak jako v minul\u00fdch letech, pomoc\u00ed bodovac\u00ed tabulky. Bude\u00a0 se\u00a0 po\u010d\u00edtat 7 nejlep\u0161\u00edch v\u00fdsledk\u016f a k tomu se p\u0159ipo\u010dtou body za fin\u00e1lov\u00fd turnaj. Propozice sout\u011b\u017ee s term\u00edny jednotliv\u00fdch turnaj\u016f pos\u00edl\u00e1m v p\u0159\u00edloze<\/p><p>Na z\u00e1v\u011br sez\u00f3ny se bude hr\u00e1t pravideln\u00e1 sout\u011b\u017e Poh\u00e1r region\u016f, tradi\u010dn\u00ed jamkovka Sever\u00a0\u2013\u00a0Jih v Olomouci a 8.ro\u010dn\u00edk sout\u011b\u017ee v jamkovce\u00a0\u010cesko-Polsko.\u00a0<\/p><p>Nominace na tyto sout\u011b\u017ee bude provedena na z\u00e1klad\u011b pr\u016fb\u011b\u017en\u00fdch v\u00fdsledk\u016f Slezsk\u00e9 t\u016fry s p\u0159ihl\u00e9dnut\u00edm k v\u00fdkonnosti jednotliv\u00fdch hr\u00e1\u010d\u016f organiza\u010dn\u00edm v\u00fdborem. P\u0159ipom\u00edn\u00e1m v\u0161em hr\u00e1\u010d\u016fm, kte\u0159\u00ed budou hr\u00e1t turnaje po\u0159\u00e1dan\u00e9\u00a0\u010cSGA a mezist\u00e1tn\u00edutk\u00e1n\u00ed, \u017ee je pot\u0159eba zaplatit p\u0159\u00edsp\u011bvky. Info je na webov\u00fdch str\u00e1nk\u00e1ch\u00a0\u010cSGA.<\/p><p>T\u011b\u0161\u00edme se na prvn\u00edm turnaji v\u00a0Lipin\u00e1ch.<\/p><p>\u00a0 \u00a0 \u00a0 \u00a0 \u00a0 \u00a0 \u00a0 \u00a0 \u00a0 \u00a0 \u00a0 \u00a0 \u00a0 \u00a0 \u00a0 \u00a0 \u00a0 \u00a0 \u00a0 \u00a0 \u00a0 \u00a0 \u00a0 \u00a0 \u00a0 \u00a0 \u00a0 \u00a0 \u00a0Jirka Seiler a Marek Gaik<\/p>\t\t\t\t\t\t\t\t<\/div>\n\t\t\t\t<\/div>\n\t\t\t\t<\/div>\n\t\t\t\t<\/div>\n\t\t","protected":false},"excerpt":{"rendered":"<p>V\u00e1\u017een\u00ed golfist\u00e9, p\u0159\u00e1tel\u00e9, kalend\u00e1\u0159 se posunul do\u00a0 b\u0159ezna a to znamen\u00e1, \u017ee se velk\u00fdm tempem bl\u00ed\u017e\u00ed zah\u00e1jen\u00ed dal\u0161\u00ed golfov\u00e9 sez\u00f3ny a t\u00edm tak\u00e9 ji\u017e 16. ro\u010dn\u00edk\u00a0 RST Slezsko.Prvn\u00ed turnaj, kter\u00fdm zahajujeme, bude jako obvykle v\u00a0Lipin\u00e1ch. Turnaje jsou\u00a0 sestaveny v sou\u010dinnosti s RST Morava tak, aby hr\u00e1\u010di mohli absolvovat ob\u011b sout\u011b\u017ee a term\u00edny nekolidovalyani s\u00a0 kvalifika\u010dn\u00edmi &hellip; <a href=\"https:\/\/slezskatour.cz\/\" class=\"more-link\">Czytaj dalej <span class=\"screen-reader-text\">Home<\/span> <span class=\"meta-nav\">&rarr;<\/span><\/a><\/p>\n","protected":false},"author":1,"featured_media":0,"parent":0,"menu_order":0,"comment_status":"closed","ping_status":"closed","template":"","meta":{"footnotes":""},"class_list":["post-17","page","type-page","status-publish","hentry"],"_links":{"self":[{"href":"https:\/\/slezskatour.cz\/index.php?rest_route=\/wp\/v2\/pages\/17","targetHints":{"allow":["GET"]}}],"collection":[{"href":"https:\/\/slezskatour.cz\/index.php?rest_route=\/wp\/v2\/pages"}],"about":[{"href":"https:\/\/slezskatour.cz\/index.php?rest_route=\/wp\/v2\/types\/page"}],"author":[{"embeddable":true,"href":"https:\/\/slezskatour.cz\/index.php?rest_route=\/wp\/v2\/users\/1"}],"replies":[{"embeddable":true,"href":"https:\/\/slezskatour.cz\/index.php?rest_route=%2Fwp%2Fv2%2Fcomments&post=17"}],"version-history":[{"count":13,"href":"https:\/\/slezskatour.cz\/index.php?rest_route=\/wp\/v2\/pages\/17\/revisions"}],"predecessor-version":[{"id":202,"href":"https:\/\/slezskatour.cz\/index.php?rest_route=\/wp\/v2\/pages\/17\/revisions\/202"}],"wp:attachment":[{"href":"https:\/\/slezskatour.cz\/index.php?rest_route=%2Fwp%2Fv2%2Fmedia&parent=17"}],"curies":[{"name":"wp","href":"https:\/\/api.w.org\/{rel}","templated":true}]}}